{"id":60,"date":"2024-04-02T14:32:49","date_gmt":"2024-04-02T17:32:49","guid":{"rendered":"https:\/\/tarcdublagens.com.br\/?page_id=60"},"modified":"2024-04-02T14:32:49","modified_gmt":"2024-04-02T17:32:49","slug":"contato","status":"publish","type":"page","link":"https:\/\/tarcdublagens.com.br\/index.php\/contato\/","title":{"rendered":"Contato"},"content":{"rendered":"\n<p>Esta \u00e9 uma p\u00e1gina com algumas informa\u00e7\u00f5es b\u00e1sicas de contato, como um endere\u00e7o e n\u00famero de telefone. Voc\u00ea tamb\u00e9m pode experimentar usar um plugin para adicionar um formul\u00e1rio de contato.<\/p>\n","protected":false},"excerpt":{"rendered":"<p>Esta \u00e9 uma p\u00e1gina com algumas informa\u00e7\u00f5es b\u00e1sicas de contato, como um endere\u00e7o e n\u00famero de telefone. Voc\u00ea tamb\u00e9m pode experimentar usar um plugin para adicionar um formul\u00e1rio de contato.<\/p>\n","protected":false},"author":1,"featured_media":0,"parent":0,"menu_order":0,"comment_status":"closed","ping_status":"closed","template":"","meta":{"site-container-style":"default","site-container-layout":"default","site-sidebar-layout":"default","disable-article-header":"default","disable-site-header":"default","disable-site-footer":"default","disable-content-area-spacing":"default","footnotes":""},"_links":{"self":[{"href":"https:\/\/tarcdublagens.com.br\/index.php\/wp-json\/wp\/v2\/pages\/60"}],"collection":[{"href":"https:\/\/tarcdublagens.com.br\/index.php\/wp-json\/wp\/v2\/pages"}],"about":[{"href":"https:\/\/tarcdublagens.com.br\/index.php\/wp-json\/wp\/v2\/types\/page"}],"author":[{"embeddable":true,"href":"https:\/\/tarcdublagens.com.br\/index.php\/wp-json\/wp\/v2\/users\/1"}],"replies":[{"embeddable":true,"href":"https:\/\/tarcdublagens.com.br\/index.php\/wp-json\/wp\/v2\/comments?post=60"}],"version-history":[{"count":1,"href":"https:\/\/tarcdublagens.com.br\/index.php\/wp-json\/wp\/v2\/pages\/60\/revisions"}],"predecessor-version":[{"id":66,"href":"https:\/\/tarcdublagens.com.br\/index.php\/wp-json\/wp\/v2\/pages\/60\/revisions\/66"}],"wp:attachment":[{"href":"https:\/\/tarcdublagens.com.br\/index.php\/wp-json\/wp\/v2\/media?parent=60"}],"curies":[{"name":"wp","href":"https:\/\/api.w.org\/{rel}","templated":true}]}}